{"id":11853,"date":"2024-02-06T17:01:33","date_gmt":"2024-02-06T20:01:33","guid":{"rendered":"https:\/\/www.fundacaoataulphodepaiva.com.br\/etica\/?page_id=11853"},"modified":"2024-02-06T17:36:27","modified_gmt":"2024-02-06T20:36:27","slug":"11853-2","status":"publish","type":"page","link":"https:\/\/www.fundacaoataulphodepaiva.com.br\/etica\/11853-2\/","title":{"rendered":""},"content":{"rendered":"<p style=\"text-align: center;\"><em>Aqui voc\u00ea n\u00e3o precisa se identificar.<\/em><\/p>\n<p style=\"text-align: center;\"><em>O anonimato \u00e9 garantido.<\/em><\/p>\n<p style=\"text-align: center;\"><em>Envie sua denuncia para nosso Comit\u00ea de \u00c9tica, Conduta e Integridade.<\/em><\/p>\n<hr \/>\n<p style=\"text-align: center;\"><div id='formContainer326474190' class='sfForm rednaoFormContainer SfFormElementContainer bootstrap-wrapper'><\/div><script>\n            var ajaxurl = 'https:\/\/www.fundacaoataulphodepaiva.com.br\/etica\/wp-admin\/admin-ajax.php';\n            var smartFormsCurrentTime=new Date('Fri Apr 17 2026 09:14:58 +0000');\n            \tvar smartFormsSaveNonce=\"e4a6a4394a\";\n            \tvar smartFormsUserName=\"\";\n            \tvar smartFormsFirstName=\"\";\n            \tvar smartFormsLastName=\"\";\n            \tvar smartFormsEmail=\"\";\n                var smartFormsPath=\"https:\/\/www.fundacaoataulphodepaiva.com.br\/etica\/wp-content\/plugins\/smart-forms\/\";\n                var smartDonationsRootPath=\"\";\n                var smartDonationsSandbox=\"\";\n                var smartFormsAdditionalFields1=[];\n                var smartFormsDesignMode=false;\n                if(!window.smartFormsItemsToLoad)\n                    window.smartFormsItemsToLoad=new Array();                                                   \n        window.smartFormsItemsToLoad.push({ 'form_id':1,  'elements':[{\"_id\":35,\"ClassName\":\"rednaotextinput\",\"IsRequired\":\"n\",\"Formulas\":{},\"Styles\":{},\"ContainerOptions\":{\"Width\":-1,\"Id\":\"35\",\"Type\":\"single\"},\"Id\":\"rnField1\",\"Spacing\":\"col-sm-12\",\"Label\":\"ASSUNTO:\",\"Placeholder\":\"\",\"Value\":\"\",\"ReadOnly\":\"n\",\"Width\":\"\",\"Icon\":{\"ClassName\":\"\"},\"CustomCSS\":\"\",\"Placeholder_Icon\":{\"ClassName\":\"\",\"Orientation\":\"\"}},{\"_id\":37,\"ClassName\":\"rednaotextarea\",\"IsRequired\":\"n\",\"Formulas\":{},\"Styles\":{},\"ContainerOptions\":{\"Width\":-1,\"Id\":\"79\",\"Type\":\"single\"},\"Id\":\"rnField3\",\"Spacing\":\"col-sm-12\",\"Label\":\"SUA MENSAGEM:\",\"DefaultText\":\"\",\"Value\":\"\",\"Width\":\"\",\"Height\":\"\",\"Placeholder\":\"\",\"Disabled\":\"n\",\"MaxLength\":\"\",\"CustomCSS\":\"\",\"Placeholder_Icon\":{\"ClassName\":\"\",\"Orientation\":\"\"}},{\"_id\":38,\"ClassName\":\"rednaosubmissionbutton\",\"IsRequired\":\"n\",\"Formulas\":{},\"Styles\":{},\"ContainerOptions\":{\"Id\":\"78\",\"Width\":-1,\"Type\":\"single\"},\"Id\":\"rnField4\",\"Spacing\":\"col-sm-12\",\"ButtonText\":\"ENVIAR:\",\"CustomCSS\":\"\",\"Icon\":{\"ClassName\":\"glyphicon glyphicon-send\",\"Orientation\":\"Add\"},\"Animated\":\"y\",\"Action\":\"submit\"}],'client_form_options':{\"JavascriptCode\":[],\"CSS\":\"\",\"Conditions\":[],\"UsesCaptcha\":\"n\",\"CaptchaVersion\":\"\",\"alert_message\":\"Mensagem enviada com sucesso.\",\"alert_message_cb\":\"y\",\"DontClearForm\":\"n\",\"redirect_to\":[{\"URL\":\"\",\"RCSettings\":{\"Redirect\":\"always\",\"ConditionSettings\":[]}}],\"redirect_to_cb\":\"n\",\"Campaign\":\"\",\"PayPalEmail\":\"\",\"PayPalCondition\":{},\"PayPalType\":\"donation\",\"PayPalDescription\":\"\",\"PayPalCurrency\":\"USD\",\"Formulas\":{},\"InvalidInputMessage\":\"*Please fill all the required fields\",\"FormType\":\"nor\",\"SplitSteps\":{},\"ToolTipPosition\":\"bottom\",\"Theme\":\"basic\",\"LabelLayout\":\"top\",\"Extensions\":{}},'container':'formContainer326474190'});<\/script><\/p>\n<hr \/>\n<p style=\"text-align: center;\"><span style=\"color: #800000;\"><strong>BULA EM AUDIO<\/strong><\/span><\/p>\n<p style=\"text-align: center;\"><span style=\"color: #800000;\"><strong><br \/>\n<\/strong><\/span><strong><a class=\"vp-a vp-mp4-type\" title=\"\u00a0\" href=\"http:\/\/www.fundacaoataulphodepaiva.com.br\/_arq\/bulamp3\/bcgpaciente.mp3\" rel=\"nofollow\" data-autoplay=\"1\"><span style=\"color: #800000;\"><img loading=\"lazy\" decoding=\"async\" class=\"wp-image-10960 alignnone\" src=\"http:\/\/www.fundacaoataulphodepaiva.com.br\/wp-content\/uploads\/2018\/08\/bcgsound-150x150.png\" alt=\"\" width=\"25\" height=\"25\" \/><\/span>VACINA BCG (PACIENTE)<\/a><span style=\"color: #000000;\">\u00a0 \u00a0|\u00a0 \u00a0<\/span><span style=\"color: #000000;\"><a class=\"vp-a vp-mp4-type\" title=\"\u00a0\" href=\"http:\/\/www.fundacaoataulphodepaiva.com.br\/_arq\/bulamp3\/bcgpaciente.mp3\" rel=\"nofollow\" data-autoplay=\"1\"><span style=\"color: #800000;\"><img loading=\"lazy\" decoding=\"async\" class=\"wp-image-10960 alignnone\" src=\"http:\/\/www.fundacaoataulphodepaiva.com.br\/wp-content\/uploads\/2018\/08\/bcgsound-150x150.png\" alt=\"\" width=\"25\" height=\"25\" \/><\/span><\/a><\/span><a class=\"vp-s vp-mp4-type\" href=\"http:\/\/www.fundacaoataulphodepaiva.com.br\/_arq\/bulamp3\/bcgprofissional.mp3\">VACINA BCG (PROFISSIONAL)<\/a> <span style=\"color: #000000;\">\u00a0 |\u00a0 \u00a0<\/span><span style=\"color: #000000;\"><a class=\"vp-a vp-mp4-type\" title=\"\u00a0\" href=\"http:\/\/www.fundacaoataulphodepaiva.com.br\/_arq\/bulamp3\/bcgpaciente.mp3\" rel=\"nofollow\" data-autoplay=\"1\"><span style=\"color: #800000;\"><img loading=\"lazy\" decoding=\"async\" class=\"wp-image-10960 alignnone\" src=\"http:\/\/www.fundacaoataulphodepaiva.com.br\/wp-content\/uploads\/2018\/08\/bcgsound-150x150.png\" alt=\"\" width=\"25\" height=\"25\" \/><\/span><\/a><\/span><a class=\"vp-s vp-mp4-type\" href=\"http:\/\/www.fundacaoataulphodepaiva.com.br\/_arq\/bulamp3\/imunocompleta.mp3\">IMUNO BCG<\/a><\/strong><\/p>\n<hr \/>\n","protected":false},"excerpt":{"rendered":"<p>Aqui voc\u00ea n\u00e3o precisa se identificar. O anonimato \u00e9 garantido. Envie sua denuncia para nosso Comit\u00ea de \u00c9tica, Conduta e Integridade. BULA EM AUDIO VACINA BCG (PACIENTE)\u00a0 \u00a0|\u00a0 \u00a0VACINA BCG (PROFISSIONAL) \u00a0 |\u00a0 \u00a0IMUNO BCG<\/p>\n","protected":false},"author":1,"featured_media":0,"parent":0,"menu_order":0,"comment_status":"closed","ping_status":"closed","template":"","meta":{"footnotes":""},"class_list":["post-11853","page","type-page","status-publish","czr-hentry"],"_links":{"self":[{"href":"https:\/\/www.fundacaoataulphodepaiva.com.br\/etica\/wp-json\/wp\/v2\/pages\/11853"}],"collection":[{"href":"https:\/\/www.fundacaoataulphodepaiva.com.br\/etica\/wp-json\/wp\/v2\/pages"}],"about":[{"href":"https:\/\/www.fundacaoataulphodepaiva.com.br\/etica\/wp-json\/wp\/v2\/types\/page"}],"author":[{"embeddable":true,"href":"https:\/\/www.fundacaoataulphodepaiva.com.br\/etica\/wp-json\/wp\/v2\/users\/1"}],"replies":[{"embeddable":true,"href":"https:\/\/www.fundacaoataulphodepaiva.com.br\/etica\/wp-json\/wp\/v2\/comments?post=11853"}],"version-history":[{"count":7,"href":"https:\/\/www.fundacaoataulphodepaiva.com.br\/etica\/wp-json\/wp\/v2\/pages\/11853\/revisions"}],"predecessor-version":[{"id":11866,"href":"https:\/\/www.fundacaoataulphodepaiva.com.br\/etica\/wp-json\/wp\/v2\/pages\/11853\/revisions\/11866"}],"wp:attachment":[{"href":"https:\/\/www.fundacaoataulphodepaiva.com.br\/etica\/wp-json\/wp\/v2\/media?parent=11853"}],"curies":[{"name":"wp","href":"https:\/\/api.w.org\/{rel}","templated":true}]}}